{"id":454,"date":"2025-03-04T16:23:09","date_gmt":"2025-03-04T19:23:09","guid":{"rendered":"https:\/\/casavolantehostal.com\/?page_id=454"},"modified":"2025-12-10T10:44:40","modified_gmt":"2025-12-10T13:44:40","slug":"terminos-y-condiciones","status":"publish","type":"page","link":"https:\/\/casavolantehostal.com\/en\/terminos-y-condiciones\/","title":{"rendered":"Terms and Conditions"},"content":{"rendered":"<div class=\"container\">\n<div class=\"row\">\n<div class=\"col-md-12\">\n<h2>Hostel Policies:<\/h2>\n<p><strong>Formas de pago e impuestos<\/strong><\/p>\n<p><img decoding=\"async\" class=\"an1 CToWUd\" draggable=\"false\" src=\"https:\/\/fonts.gstatic.com\/s\/e\/notoemoji\/16.0\/1f539\/32.png\" alt=\"\ud83d\udd39\" data-emoji=\"\ud83d\udd39\" aria-label=\"\ud83d\udd39\" data-bit=\"iit\" \/>\u00a0<strong>Chilenos y extranjeros residentes en Chile<\/strong><\/p>\n<ul>\n<li>Pago en\u00a0<strong>efectivo (CLP)<\/strong>,\u00a0<strong>tarjetas de d\u00e9bito\/cr\u00e9dito<\/strong>\u00a0o\u00a0<strong>transferencia bancaria chilena<\/strong>.<\/li>\n<li>En todos los casos, se debe agregar el impuesto\u00a0<strong>IVA 19%<\/strong>.<\/li>\n<\/ul>\n<p><img decoding=\"async\" class=\"an1 CToWUd\" draggable=\"false\" src=\"https:\/\/fonts.gstatic.com\/s\/e\/notoemoji\/16.0\/1f539\/32.png\" alt=\"\ud83d\udd39\" data-emoji=\"\ud83d\udd39\" aria-label=\"\ud83d\udd39\" data-bit=\"iit\" \/>\u00a0<strong>Turistas extranjeros<\/strong>\u00a0(con pasaporte\/DNI + tarjeta de turismo):<\/p>\n<ul>\n<li>Si pagan en\u00a0<strong>USD en efectivo<\/strong>\u00a0(solo billetes en buen estado) o con\u00a0<strong>tarjeta de cr\u00e9dito extranjera en USD<\/strong>\u00a0(con recargo 3%), no se a\u00f1ade<strong>\u00a0el impuesto IVA<\/strong>.<\/li>\n<li>Tambi\u00e9n pueden pagar en CLP (efectivo o tarjeta de cr\u00e9dito o\u00a0d\u00e9bito), en ese caso se debe aplicar el\u00a0<strong>IVA 19%<\/strong>.<\/li>\n<\/ul>\n<p><strong>The hostel is not responsible for any monetary or other personal losses.<\/strong><\/p>\n<p><strong>Children up to 4 years old free:<\/strong><\/p>\n<ul>\n<li>Children up to 4 years old can stay free with their parents, using the same beds as the adults. If you need an extra bed, please check availability.<\/li>\n<\/ul>\n<p><b>We are pet-friendly (a $50,000 deposit is required and is returned upon checkout if no damage is reported).<\/b><\/p>\n<p><strong>Non-smoking house (we have a smoking area on the patio)<\/strong><\/p>\n<h2>Cancellation or reservation reduction policies:<\/h2>\n<p><strong>RESERVAS POR NOCHE:<\/strong><\/p>\n<p>Los clientes pueden cancelar o reducir sus reservas gratuitamente hasta 48 horas antes de las 00:00 horas del d\u00eda de llegada (hora chilena). Si lo hacen despu\u00e9s de ese plazo, se les cobrar\u00e1 una penalidad del 100% del importe total reservado de una noche.<br \/>\nA\u00d1O NUEVO: En el caso de cualquier reserva que incluya la noche del 31 de Diciembre de cualquier a\u00f1o, los clientes pueden cancelar o reducir sus reservas gratuitamente hasta 30 dias antes de las 00:00 horas del d\u00eda de llegada (hora chilena). La penalidad de cancelaci\u00f3n despues de ese plazo, es del 100% del total de la reserva.<\/p>\n<p><strong>GROUPS:\u00a0<\/strong><\/p>\n<p>El plazo gratuito para cancelar y\/o disminuir una reserva grupal es de hasta 14 d\u00edas antes de las 00:00 horas del primer d\u00eda de llegada (hora local del hostal), pasado ese plazo no hay reembolsos ni reajustes. Se pueden agregar noches o personas a la reserva, sujeto a disponibilidad.\u00a0 En caso de no cumplir con este tiempo se cobrar\u00e1 el 100% de la reserva.<\/p>\n<p><strong>RESERVAS POR MES:<\/strong><\/p>\n<p>Los abonos para reservas de estad\u00edas mensuales no tienen devoluci\u00f3n salvo que se avise con 30 d\u00edas o m\u00e1s d\u00edas de antelaci\u00f3n antes de la fecha del check in. Los precios diarios proporcionales de reservas mensuales son v\u00e1lidos para reservas de 30 d\u00edas o m\u00e1s.<\/p>\n<\/div>\n<p><b>Nos reservamos el derecho a cancelar reservas unilateralmente por motivos de mantenci\u00f3n, fuerza mayor, errores en precios, cat\u00e1strofes naturales y otras causas ajenas al hostal<\/b><\/p>\n<div class=\"col-md-12\">\n<h2>No-show fee:<\/h2>\n<p>One night at the contracted rate. For reservations that include the night of December 31st, the no-show penalty is 100% of the total reservation.<\/p>\n<\/div>\n<\/div>\n<\/div>","protected":false},"excerpt":{"rendered":"<p>Pol\u00edticas del hostal: Formas de pago e impuestos \u00a0Chilenos y extranjeros residentes en Chile Pago en\u00a0efectivo (CLP),\u00a0tarjetas de d\u00e9bito\/cr\u00e9dito\u00a0o\u00a0transferencia bancaria [&hellip;]<\/p>","protected":false},"author":1,"featured_media":0,"parent":0,"menu_order":0,"comment_status":"closed","ping_status":"closed","template":"","meta":{"_acf_changed":false,"_joinchat":[],"footnotes":""},"class_list":["post-454","page","type-page","status-publish","hentry"],"acf":[],"_links":{"self":[{"href":"https:\/\/casavolantehostal.com\/en\/wp-json\/wp\/v2\/pages\/454","targetHints":{"allow":["GET"]}}],"collection":[{"href":"https:\/\/casavolantehostal.com\/en\/wp-json\/wp\/v2\/pages"}],"about":[{"href":"https:\/\/casavolantehostal.com\/en\/wp-json\/wp\/v2\/types\/page"}],"author":[{"embeddable":true,"href":"https:\/\/casavolantehostal.com\/en\/wp-json\/wp\/v2\/users\/1"}],"replies":[{"embeddable":true,"href":"https:\/\/casavolantehostal.com\/en\/wp-json\/wp\/v2\/comments?post=454"}],"version-history":[{"count":0,"href":"https:\/\/casavolantehostal.com\/en\/wp-json\/wp\/v2\/pages\/454\/revisions"}],"wp:attachment":[{"href":"https:\/\/casavolantehostal.com\/en\/wp-json\/wp\/v2\/media?parent=454"}],"curies":[{"name":"wp","href":"https:\/\/api.w.org\/{rel}","templated":true}]}}